{"id":8,"date":"2023-09-28T15:32:00","date_gmt":"2023-09-28T12:32:00","guid":{"rendered":"http:\/\/qbcircle.com\/?page_id=8"},"modified":"2026-01-29T21:22:27","modified_gmt":"2026-01-29T18:22:27","slug":"internal-audit-risk-assurance-compliance-governance","status":"publish","type":"page","link":"https:\/\/fcs-jo.com\/tr\/","title":{"rendered":"FCS &#8211; FOCUS CONSULTING SERVICES"},"content":{"rendered":"<h2 style=\"display: none;\">About Us<\/h2>\n<div id=\"about\" class=\"mfb_gridcontainer mfb_grid2x1 mfb_box\" style=\"padding: 90px 0px;\">\n<div class=\"mfb_box mfb_flex1x2\">\n<p style=\"font-size:20px; font-weight:700;\">FCS is a dynamic and innovative Internal Audit, Risk Assurance and Business consulting firm, providing organizations with the tools and support they need to build a culture of compliance and operational excellence. Our team of experts combines years of experience with cutting-edge insights to deliver customized solutions that meet the unique needs of each client. <\/p>\n<\/div>\n<div class=\"mfb_box mfb_flex1x2\">\n<p style=\"font-size: 17px;\">At FCS, we believe in the power of collaboration and communication and we work closely with our clients to understand their goals and objectives, and then bring our expertise and experience to the table to help them achieve success. <\/p>\n<p style=\"font-size: 17px;\">Whether you are a large corporation looking to enhance your internal controls, or a small business looking to ensure compliance with industry regulations, we are here to help. <\/p>\n<\/div>\n<\/div>\n<div id=\"services\" class=\"mfb_box mfb_fullwidth\" style=\"padding-bottom: 90px;\">\n<h2 style=\"margin:0;text-align:center;\">Servislerimiz<\/h2>\n<div class=\"mfb_services_container\">\n<div class=\"mfb_services_logo_container\"><img decoding=\"async\" src=\"https:\/\/fcs-jo.com\/wp-content\/uploads\/logo.png\" alt=\"FOCUS Consulting Services\" class=\"mfb_services_logo\"><\/div>\n<div class=\"left-top mfb_services\">\n<h3 class=\"title\">Internal Audits and Risk Management<\/h3>\n<div class=\"mfb_gridcontainer mfb_services_grid2x1\">\n<div class=\"mfb_services_icons\"><img decoding=\"async\" src=\"https:\/\/fcs-jo.com\/wp-content\/uploads\/governance.png\" alt=\"Internal Audits and Risk Management\"><\/div>\n<div class=\"details\">We conduct comprehensive internal audits and risk assessments to evaluate and improve an organization&#8217;s internal controls, risk management processes, and compliance measures. Our services are tailored to each client&#8217;s specific needs, enabling proactive risk mitigation.<\/div>\n<\/div>\n<p><span class=\"arrow\"><\/span><\/div>\n<div class=\"left-middle mfb_services\">\n<h3 class=\"title\">Governance and Compliance<\/h3>\n<div class=\"mfb_gridcontainer mfb_services_grid2x1\">\n<div class=\"mfb_services_icons\"><img decoding=\"async\" src=\"https:\/\/fcs-jo.com\/wp-content\/uploads\/cyber_security.png\" alt=\"Governance and Compliance\"><\/div>\n<div class=\"details\">We offer a holistic approach to Governance, Risk, and Compliance (GRC), as well as specialized governance services for family-owned businesses. We guide clients on best practices and regulatory adherence, ensuring responsible operation and alignment with strategic goals.<\/div>\n<\/div>\n<p><span class=\"arrow\"><\/span><\/div>\n<div class=\"left-bottom mfb_services\">\n<h3 class=\"title\">ESG and Sustainability<\/h3>\n<div class=\"mfb_gridcontainer mfb_services_grid2x1\">\n<div class=\"mfb_services_icons\"><img decoding=\"async\" src=\"https:\/\/fcs-jo.com\/wp-content\/uploads\/financial_regulations.png\" alt=\"ESG and Sustainability\"><\/div>\n<div class=\"details\">We provide expert advisory services in Environmental, Social, and Governance (ESG) matters. Our focus ranges from carbon footprint analysis to stakeholder engagement, aiming to help organizations align with global sustainability standards.<\/div>\n<\/div>\n<p><span class=\"arrow\"><\/span><\/div>\n<div class=\"right-top mfb_services\">\n<h3 class=\"title\">Operational Excellence<\/h3>\n<div class=\"mfb_gridcontainer mfb_services_grid2x1\">\n<div class=\"mfb_services_icons\"><img decoding=\"async\" src=\"https:\/\/fcs-jo.com\/wp-content\/uploads\/excellence.png\" alt=\"Operational Excellence\"><\/div>\n<div class=\"details\">We offer process improvement consulting and procurement audits to optimize business operations. Our services identify inefficiencies and recommend best practices, enhancing productivity and cost-effectiveness.<\/div>\n<\/div>\n<p><span class=\"arrow\"><\/span><\/div>\n<div class=\"right-middle mfb_services\">\n<h3 class=\"title\">IT and Cybersecurity<\/h3>\n<div class=\"mfb_gridcontainer mfb_services_grid2x1\">\n<div class=\"mfb_services_icons\"><img decoding=\"async\" src=\"https:\/\/fcs-jo.com\/wp-content\/uploads\/privacy.png\" alt=\"IT and Cybersecurity\"><\/div>\n<div class=\"details\">We conduct specialized IT and cybersecurity audits to safeguard clients&#8217; digital assets and data. Our assessments are designed to identify and mitigate potential digital threats.<\/div>\n<\/div>\n<p><span class=\"arrow\"><\/span><\/div>\n<div class=\"right-bottom mfb_services\">\n<h3 class=\"title\">Fraud Examination<\/h3>\n<div class=\"mfb_gridcontainer mfb_services_grid2x1\">\n<div class=\"mfb_services_icons\"><img decoding=\"async\" src=\"https:\/\/fcs-jo.com\/wp-content\/uploads\/emerging.png\" alt=\"Fraud Examination\"><\/div>\n<div class=\"details\">We provide specialized services in fraud detection, starting with risk assessment and extending to actionable recommendations for stronger controls.<\/div>\n<\/div>\n<p><span class=\"arrow\"><\/span><\/div>\n<\/div>\n<\/div>\n<h2 style=\"display: none;\">Contact U<\/h2>\n<div id=\"contact\" class=\"mfb_bgscroll mfb_box mfb_fullwidth\">\n<div style=\"margin: 12rem auto;\">\n<p class=\"mfb_contact-h\">Size \u00f6zel i\u015f \u00e7\u00f6z\u00fcmlerimiz hakk\u0131nda daha fazla bilgi almak i\u00e7in l\u00fctfen bizimle ileti\u015fime ge\u00e7in<\/p>\n<p class=\"mfb_contact\">\u015eirketiniz veya organizasyonunuza \u00f6zel<\/p>\n<p class=\"mfb_contact\">Amac\u0131m\u0131z, b\u00fcy\u00fcme hedeflerini desteklemek, kurumsal i\u00e7g\u00f6r\u00fcleri art\u0131rmak ve performans\u0131 te\u015fvik etmektir<\/p>\n<\/div>\n<\/div>","protected":false},"excerpt":{"rendered":"<p>About Us FCS is a dynamic and innovative Internal Audit, Risk Assurance and Business consulting firm, providing organizations with the tools and support they need to build a culture of compliance and operational excellence. Our team of experts combines years &hellip; <a href=\"https:\/\/fcs-jo.com\/tr\/\">Devam\u0131<\/a><\/p>","protected":false},"author":3,"featured_media":0,"parent":0,"menu_order":0,"comment_status":"closed","ping_status":"closed","template":"","meta":{"_monsterinsights_skip_tracking":false,"_monsterinsights_sitenote_active":false,"_monsterinsights_sitenote_note":"","_monsterinsights_sitenote_category":0,"footnotes":""},"class_list":["post-8","page","type-page","status-publish","hentry"],"yoast_head":"<!-- This site is optimized with the Yoast SEO plugin v21.2 - https:\/\/yoast.com\/wordpress\/plugins\/seo\/ -->\n<title>FCS - FOCUS CONSULTING SERVICES - Internal Audit, Risk assurance and Business consulting<\/title>\n<meta name=\"description\" content=\"FCS is a dynamic and innovative business consulting, risk &amp; internal audit firm, providing organizations with the tools and support they need to build a culture of compliance and operational excellence.\" \/>\n<meta name=\"robots\" content=\"index, follow, max-snippet:-1, max-image-preview:large, max-video-preview:-1\" \/>\n<link rel=\"canonical\" href=\"https:\/\/fcs-jo.com\/tr\/\" \/>\n<script type=\"application\/ld+json\" class=\"yoast-schema-graph\">{\"@context\":\"https:\/\/schema.org\",\"@graph\":[{\"@type\":\"WebPage\",\"@id\":\"https:\/\/fcs-jo.com\/\",\"url\":\"https:\/\/fcs-jo.com\/\",\"name\":\"FCS - FOCUS CONSULTING SERVICES - Internal Audit, Risk assurance and Business consulting\",\"isPartOf\":{\"@id\":\"https:\/\/fcs-jo.com\/#website\"},\"datePublished\":\"2023-09-28T12:32:00+00:00\",\"dateModified\":\"2026-01-29T18:22:27+00:00\",\"description\":\"FCS is a dynamic and innovative business consulting, risk & internal audit firm, providing organizations with the tools and support they need to build a culture of compliance and operational excellence.\",\"breadcrumb\":{\"@id\":\"https:\/\/fcs-jo.com\/#breadcrumb\"},\"inLanguage\":\"tr\",\"potentialAction\":[{\"@type\":\"ReadAction\",\"target\":[\"https:\/\/fcs-jo.com\/\"]}]},{\"@type\":\"BreadcrumbList\",\"@id\":\"https:\/\/fcs-jo.com\/#breadcrumb\",\"itemListElement\":[{\"@type\":\"ListItem\",\"position\":1,\"name\":\"Home\",\"item\":\"https:\/\/fcs-jo.com\/\"},{\"@type\":\"ListItem\",\"position\":2,\"name\":\"FCS &#8211; FOCUS CONSULTING SERVICES\"}]},{\"@type\":\"WebSite\",\"@id\":\"https:\/\/fcs-jo.com\/#website\",\"url\":\"https:\/\/fcs-jo.com\/\",\"name\":\"FCS-JO\",\"description\":\"FOCUS CONSULTING SERVICES\",\"publisher\":{\"@id\":\"https:\/\/fcs-jo.com\/#organization\"},\"potentialAction\":[{\"@type\":\"SearchAction\",\"target\":{\"@type\":\"EntryPoint\",\"urlTemplate\":\"https:\/\/fcs-jo.com\/?s={search_term_string}\"},\"query-input\":\"required name=search_term_string\"}],\"inLanguage\":\"tr\"},{\"@type\":\"Organization\",\"@id\":\"https:\/\/fcs-jo.com\/#organization\",\"name\":\"FOCUS CONSULTING SERVICES\",\"url\":\"https:\/\/fcs-jo.com\/\",\"logo\":{\"@type\":\"ImageObject\",\"inLanguage\":\"tr\",\"@id\":\"https:\/\/fcs-jo.com\/#\/schema\/logo\/image\/\",\"url\":\"\",\"contentUrl\":\"\",\"caption\":\"FOCUS CONSULTING SERVICES\"},\"image\":{\"@id\":\"https:\/\/fcs-jo.com\/#\/schema\/logo\/image\/\"},\"sameAs\":[\"https:\/\/twitter.com\/consult_FCS\"]}]}<\/script>\n<!-- \/ Yoast SEO plugin. -->","yoast_head_json":{"title":"FCS - FOCUS CONSULTING SERVICES - Internal Audit, Risk assurance and Business consulting","description":"FCS is a dynamic and innovative business consulting, risk & internal audit firm, providing organizations with the tools and support they need to build a culture of compliance and operational excellence.","robots":{"index":"index","follow":"follow","max-snippet":"max-snippet:-1","max-image-preview":"max-image-preview:large","max-video-preview":"max-video-preview:-1"},"canonical":"https:\/\/fcs-jo.com\/tr\/","schema":{"@context":"https:\/\/schema.org","@graph":[{"@type":"WebPage","@id":"https:\/\/fcs-jo.com\/","url":"https:\/\/fcs-jo.com\/","name":"FCS - FOCUS CONSULTING SERVICES - Internal Audit, Risk assurance and Business consulting","isPartOf":{"@id":"https:\/\/fcs-jo.com\/#website"},"datePublished":"2023-09-28T12:32:00+00:00","dateModified":"2026-01-29T18:22:27+00:00","description":"FCS is a dynamic and innovative business consulting, risk & internal audit firm, providing organizations with the tools and support they need to build a culture of compliance and operational excellence.","breadcrumb":{"@id":"https:\/\/fcs-jo.com\/#breadcrumb"},"inLanguage":"tr","potentialAction":[{"@type":"ReadAction","target":["https:\/\/fcs-jo.com\/"]}]},{"@type":"BreadcrumbList","@id":"https:\/\/fcs-jo.com\/#breadcrumb","itemListElement":[{"@type":"ListItem","position":1,"name":"Home","item":"https:\/\/fcs-jo.com\/"},{"@type":"ListItem","position":2,"name":"FCS &#8211; FOCUS CONSULTING SERVICES"}]},{"@type":"WebSite","@id":"https:\/\/fcs-jo.com\/#website","url":"https:\/\/fcs-jo.com\/","name":"FCS-JO","description":"FOCUS CONSULTING SERVICES","publisher":{"@id":"https:\/\/fcs-jo.com\/#organization"},"potentialAction":[{"@type":"SearchAction","target":{"@type":"EntryPoint","urlTemplate":"https:\/\/fcs-jo.com\/?s={search_term_string}"},"query-input":"required name=search_term_string"}],"inLanguage":"tr"},{"@type":"Organization","@id":"https:\/\/fcs-jo.com\/#organization","name":"FOCUS CONSULTING SERVICES","url":"https:\/\/fcs-jo.com\/","logo":{"@type":"ImageObject","inLanguage":"tr","@id":"https:\/\/fcs-jo.com\/#\/schema\/logo\/image\/","url":"","contentUrl":"","caption":"FOCUS CONSULTING SERVICES"},"image":{"@id":"https:\/\/fcs-jo.com\/#\/schema\/logo\/image\/"},"sameAs":["https:\/\/twitter.com\/consult_FCS"]}]}},"_links":{"self":[{"href":"https:\/\/fcs-jo.com\/tr\/wp-json\/wp\/v2\/pages\/8","targetHints":{"allow":["GET"]}}],"collection":[{"href":"https:\/\/fcs-jo.com\/tr\/wp-json\/wp\/v2\/pages"}],"about":[{"href":"https:\/\/fcs-jo.com\/tr\/wp-json\/wp\/v2\/types\/page"}],"author":[{"embeddable":true,"href":"https:\/\/fcs-jo.com\/tr\/wp-json\/wp\/v2\/users\/3"}],"replies":[{"embeddable":true,"href":"https:\/\/fcs-jo.com\/tr\/wp-json\/wp\/v2\/comments?post=8"}],"version-history":[{"count":314,"href":"https:\/\/fcs-jo.com\/tr\/wp-json\/wp\/v2\/pages\/8\/revisions"}],"predecessor-version":[{"id":6197,"href":"https:\/\/fcs-jo.com\/tr\/wp-json\/wp\/v2\/pages\/8\/revisions\/6197"}],"wp:attachment":[{"href":"https:\/\/fcs-jo.com\/tr\/wp-json\/wp\/v2\/media?parent=8"}],"curies":[{"name":"wp","href":"https:\/\/api.w.org\/{rel}","templated":true}]}}